{"id":16152,"date":"2021-02-25T11:07:47","date_gmt":"2021-02-25T10:07:47","guid":{"rendered":"https:\/\/sandbox.patrimonium.ch\/?page_id=16152"},"modified":"2021-10-04T10:50:09","modified_gmt":"2021-10-04T09:50:09","slug":"culture-entreprise","status":"publish","type":"page","link":"https:\/\/sandbox.patrimonium.ch\/fr\/our-company\/culture-entreprise","title":{"rendered":"Culture d&#8217;entreprise"},"content":{"rendered":"","protected":false},"excerpt":{"rendered":"","protected":false},"author":2,"featured_media":0,"parent":3804,"menu_order":0,"comment_status":"closed","ping_status":"closed","template":"","meta":{"_acf_changed":false,"footnotes":""},"page_type":[],"class_list":["post-16152","page","type-page","status-publish","hentry"],"acf":[],"yoast_head":"<!-- This site is optimized with the Yoast SEO plugin v27.4 - https:\/\/yoast.com\/product\/yoast-seo-wordpress\/ -->\n<title>Culture d&#039;entreprise - Patrimonium<\/title>\n<meta name=\"description\" content=\"Chez Patrimonium, nos employ\u00e9s b\u00e9n\u00e9ficient de bureaux spacieux et ergonomiques au sein d\u2019installations modernes et \u00e9quip\u00e9es, entre autres, de purificateurs d\u2019air, de salles de fitness et de yoga, et de restaurants aux menus sains.\" \/>\n<meta name=\"robots\" content=\"noindex, follow, max-snippet:-1, max-image-preview:large, max-video-preview:-1\" \/>\n<meta property=\"og:locale\" content=\"fr_FR\" \/>\n<meta property=\"og:type\" content=\"article\" \/>\n<meta property=\"og:title\" content=\"Culture d&#039;entreprise - Patrimonium\" \/>\n<meta property=\"og:description\" content=\"Chez Patrimonium, nos employ\u00e9s b\u00e9n\u00e9ficient de bureaux spacieux et ergonomiques au sein d\u2019installations modernes et \u00e9quip\u00e9es, entre autres, de purificateurs d\u2019air, de salles de fitness et de yoga, et de restaurants aux menus sains.\" \/>\n<meta property=\"og:url\" content=\"https:\/\/sandbox.patrimonium.ch\/fr\/our-company\/culture-entreprise\" \/>\n<meta property=\"og:site_name\" content=\"Patrimonium\" \/>\n<meta property=\"article:modified_time\" content=\"2021-10-04T09:50:09+00:00\" \/>\n<meta name=\"twitter:card\" content=\"summary_large_image\" \/>\n<script type=\"application\/ld+json\" class=\"yoast-schema-graph\">{\"@context\":\"https:\\\/\\\/schema.org\",\"@graph\":[{\"@type\":\"WebPage\",\"@id\":\"https:\\\/\\\/sandbox.patrimonium.ch\\\/fr\\\/our-company\\\/culture-entreprise\",\"url\":\"https:\\\/\\\/sandbox.patrimonium.ch\\\/fr\\\/our-company\\\/culture-entreprise\",\"name\":\"Culture d'entreprise - Patrimonium\",\"isPartOf\":{\"@id\":\"https:\\\/\\\/sandbox.patrimonium.ch\\\/fr#website\"},\"datePublished\":\"2021-02-25T10:07:47+00:00\",\"dateModified\":\"2021-10-04T09:50:09+00:00\",\"description\":\"Chez Patrimonium, nos employ\u00e9s b\u00e9n\u00e9ficient de bureaux spacieux et ergonomiques au sein d\u2019installations modernes et \u00e9quip\u00e9es, entre autres, de purificateurs d\u2019air, de salles de fitness et de yoga, et de restaurants aux menus sains.\",\"breadcrumb\":{\"@id\":\"https:\\\/\\\/sandbox.patrimonium.ch\\\/fr\\\/our-company\\\/culture-entreprise#breadcrumb\"},\"inLanguage\":\"fr-FR\",\"potentialAction\":[{\"@type\":\"ReadAction\",\"target\":[\"https:\\\/\\\/sandbox.patrimonium.ch\\\/fr\\\/our-company\\\/culture-entreprise\"]}]},{\"@type\":\"BreadcrumbList\",\"@id\":\"https:\\\/\\\/sandbox.patrimonium.ch\\\/fr\\\/our-company\\\/culture-entreprise#breadcrumb\",\"itemListElement\":[{\"@type\":\"ListItem\",\"position\":1,\"name\":\"Home\",\"item\":\"https:\\\/\\\/sandbox.patrimonium.ch\\\/fr\"},{\"@type\":\"ListItem\",\"position\":2,\"name\":\"L&#8217;entreprise\",\"item\":\"https:\\\/\\\/sandbox.patrimonium.ch\\\/fr\\\/our-company\"},{\"@type\":\"ListItem\",\"position\":3,\"name\":\"Culture d&#8217;entreprise\"}]},{\"@type\":\"WebSite\",\"@id\":\"https:\\\/\\\/sandbox.patrimonium.ch\\\/fr#website\",\"url\":\"https:\\\/\\\/sandbox.patrimonium.ch\\\/fr\",\"name\":\"PATRIMONIUM - Your partner in private markets\",\"description\":\"Your Partner in Private Markets\",\"publisher\":{\"@id\":\"https:\\\/\\\/sandbox.patrimonium.ch\\\/fr#organization\"},\"alternateName\":\"PATRIMONIUM\",\"potentialAction\":[{\"@type\":\"SearchAction\",\"target\":{\"@type\":\"EntryPoint\",\"urlTemplate\":\"https:\\\/\\\/sandbox.patrimonium.ch\\\/fr?s={search_term_string}\"},\"query-input\":{\"@type\":\"PropertyValueSpecification\",\"valueRequired\":true,\"valueName\":\"search_term_string\"}}],\"inLanguage\":\"fr-FR\"},{\"@type\":\"Organization\",\"@id\":\"https:\\\/\\\/sandbox.patrimonium.ch\\\/fr#organization\",\"name\":\"PATRIMONIUM - Your Partner in Private Markets\",\"alternateName\":\"PATRIMONIUM\",\"url\":\"https:\\\/\\\/sandbox.patrimonium.ch\\\/fr\",\"logo\":{\"@type\":\"ImageObject\",\"inLanguage\":\"fr-FR\",\"@id\":\"https:\\\/\\\/sandbox.patrimonium.ch\\\/fr#\\\/schema\\\/logo\\\/image\\\/\",\"url\":\"https:\\\/\\\/sandbox.patrimonium.ch\\\/wp-content\\\/uploads\\\/2020\\\/04\\\/pat-logo.png\",\"contentUrl\":\"https:\\\/\\\/sandbox.patrimonium.ch\\\/wp-content\\\/uploads\\\/2020\\\/04\\\/pat-logo.png\",\"width\":1531,\"height\":212,\"caption\":\"PATRIMONIUM - Your Partner in Private Markets\"},\"image\":{\"@id\":\"https:\\\/\\\/sandbox.patrimonium.ch\\\/fr#\\\/schema\\\/logo\\\/image\\\/\"}}]}<\/script>\n<!-- \/ Yoast SEO plugin. -->","yoast_head_json":{"title":"Culture d'entreprise - Patrimonium","description":"Chez Patrimonium, nos employ\u00e9s b\u00e9n\u00e9ficient de bureaux spacieux et ergonomiques au sein d\u2019installations modernes et \u00e9quip\u00e9es, entre autres, de purificateurs d\u2019air, de salles de fitness et de yoga, et de restaurants aux menus sains.","robots":{"index":"noindex","follow":"follow","max-snippet":"max-snippet:-1","max-image-preview":"max-image-preview:large","max-video-preview":"max-video-preview:-1"},"og_locale":"fr_FR","og_type":"article","og_title":"Culture d'entreprise - Patrimonium","og_description":"Chez Patrimonium, nos employ\u00e9s b\u00e9n\u00e9ficient de bureaux spacieux et ergonomiques au sein d\u2019installations modernes et \u00e9quip\u00e9es, entre autres, de purificateurs d\u2019air, de salles de fitness et de yoga, et de restaurants aux menus sains.","og_url":"https:\/\/sandbox.patrimonium.ch\/fr\/our-company\/culture-entreprise","og_site_name":"Patrimonium","article_modified_time":"2021-10-04T09:50:09+00:00","twitter_card":"summary_large_image","schema":{"@context":"https:\/\/schema.org","@graph":[{"@type":"WebPage","@id":"https:\/\/sandbox.patrimonium.ch\/fr\/our-company\/culture-entreprise","url":"https:\/\/sandbox.patrimonium.ch\/fr\/our-company\/culture-entreprise","name":"Culture d'entreprise - Patrimonium","isPartOf":{"@id":"https:\/\/sandbox.patrimonium.ch\/fr#website"},"datePublished":"2021-02-25T10:07:47+00:00","dateModified":"2021-10-04T09:50:09+00:00","description":"Chez Patrimonium, nos employ\u00e9s b\u00e9n\u00e9ficient de bureaux spacieux et ergonomiques au sein d\u2019installations modernes et \u00e9quip\u00e9es, entre autres, de purificateurs d\u2019air, de salles de fitness et de yoga, et de restaurants aux menus sains.","breadcrumb":{"@id":"https:\/\/sandbox.patrimonium.ch\/fr\/our-company\/culture-entreprise#breadcrumb"},"inLanguage":"fr-FR","potentialAction":[{"@type":"ReadAction","target":["https:\/\/sandbox.patrimonium.ch\/fr\/our-company\/culture-entreprise"]}]},{"@type":"BreadcrumbList","@id":"https:\/\/sandbox.patrimonium.ch\/fr\/our-company\/culture-entreprise#breadcrumb","itemListElement":[{"@type":"ListItem","position":1,"name":"Home","item":"https:\/\/sandbox.patrimonium.ch\/fr"},{"@type":"ListItem","position":2,"name":"L&#8217;entreprise","item":"https:\/\/sandbox.patrimonium.ch\/fr\/our-company"},{"@type":"ListItem","position":3,"name":"Culture d&#8217;entreprise"}]},{"@type":"WebSite","@id":"https:\/\/sandbox.patrimonium.ch\/fr#website","url":"https:\/\/sandbox.patrimonium.ch\/fr","name":"PATRIMONIUM - Your partner in private markets","description":"Your Partner in Private Markets","publisher":{"@id":"https:\/\/sandbox.patrimonium.ch\/fr#organization"},"alternateName":"PATRIMONIUM","potentialAction":[{"@type":"SearchAction","target":{"@type":"EntryPoint","urlTemplate":"https:\/\/sandbox.patrimonium.ch\/fr?s={search_term_string}"},"query-input":{"@type":"PropertyValueSpecification","valueRequired":true,"valueName":"search_term_string"}}],"inLanguage":"fr-FR"},{"@type":"Organization","@id":"https:\/\/sandbox.patrimonium.ch\/fr#organization","name":"PATRIMONIUM - Your Partner in Private Markets","alternateName":"PATRIMONIUM","url":"https:\/\/sandbox.patrimonium.ch\/fr","logo":{"@type":"ImageObject","inLanguage":"fr-FR","@id":"https:\/\/sandbox.patrimonium.ch\/fr#\/schema\/logo\/image\/","url":"https:\/\/sandbox.patrimonium.ch\/wp-content\/uploads\/2020\/04\/pat-logo.png","contentUrl":"https:\/\/sandbox.patrimonium.ch\/wp-content\/uploads\/2020\/04\/pat-logo.png","width":1531,"height":212,"caption":"PATRIMONIUM - Your Partner in Private Markets"},"image":{"@id":"https:\/\/sandbox.patrimonium.ch\/fr#\/schema\/logo\/image\/"}}]}},"_links":{"self":[{"href":"https:\/\/sandbox.patrimonium.ch\/fr\/wp-json\/wp\/v2\/pages\/16152","targetHints":{"allow":["GET"]}}],"collection":[{"href":"https:\/\/sandbox.patrimonium.ch\/fr\/wp-json\/wp\/v2\/pages"}],"about":[{"href":"https:\/\/sandbox.patrimonium.ch\/fr\/wp-json\/wp\/v2\/types\/page"}],"author":[{"embeddable":true,"href":"https:\/\/sandbox.patrimonium.ch\/fr\/wp-json\/wp\/v2\/users\/2"}],"replies":[{"embeddable":true,"href":"https:\/\/sandbox.patrimonium.ch\/fr\/wp-json\/wp\/v2\/comments?post=16152"}],"version-history":[{"count":5,"href":"https:\/\/sandbox.patrimonium.ch\/fr\/wp-json\/wp\/v2\/pages\/16152\/revisions"}],"predecessor-version":[{"id":18077,"href":"https:\/\/sandbox.patrimonium.ch\/fr\/wp-json\/wp\/v2\/pages\/16152\/revisions\/18077"}],"up":[{"embeddable":true,"href":"https:\/\/sandbox.patrimonium.ch\/fr\/wp-json\/wp\/v2\/pages\/3804"}],"wp:attachment":[{"href":"https:\/\/sandbox.patrimonium.ch\/fr\/wp-json\/wp\/v2\/media?parent=16152"}],"wp:term":[{"taxonomy":"page_type","embeddable":true,"href":"https:\/\/sandbox.patrimonium.ch\/fr\/wp-json\/wp\/v2\/page_type?post=16152"}],"curies":[{"name":"wp","href":"https:\/\/api.w.org\/{rel}","templated":true}]}}